{"id":543,"date":"2021-05-04T12:56:39","date_gmt":"2021-05-04T12:56:39","guid":{"rendered":"https:\/\/fundacionninamaria.org\/english\/?page_id=543"},"modified":"2024-01-13T05:59:51","modified_gmt":"2024-01-13T05:59:51","slug":"contact-us","status":"publish","type":"page","link":"https:\/\/fundacionninamaria.org\/english\/contact-us\/","title":{"rendered":"Contact Us"},"content":{"rendered":"\r\n<p>&nbsp;<\/p>\r\n\r\n\r\n\r\n<figure class=\"wp-block-table\">\r\n<table class=\"has-subtle-pale-blue-background-color has-background\">\r\n<tbody>\r\n<tr>\r\n<td>\r\n<p><strong>CONTACT US<\/strong><br \/><br \/><strong>Rosa Marlen G\u00f3mez<br \/>General Management<\/strong><br \/><i class=\"fa fa-phone\" aria-hidden=\"true\"><\/i>Telephone: (601) 8624863 Cellphone: 573008723649\u00a0<\/p>\r\n<p><br \/>Email address: ninamaria03@yahoo.com \/ asistenteninamaria@gmail.com<br \/>Contact us or visit us.<br \/>Address: Alb\u00e1n: Kilometer 3 left bank V\u00eda Alb\u00e1n -Villeta<br \/>Ch\u00eda: Vereda Fagua, Finca Bulevar de Fagua.<br \/><br \/><\/p>\r\n<\/td>\r\n<\/tr>\r\n<\/tbody>\r\n<\/table>\r\n<\/figure>\r\n\r\n\r\n\r\n<p>&nbsp;<\/p>\r\n","protected":false},"excerpt":{"rendered":"<p>&nbsp; CONTACT US Rosa Marlen G\u00f3mezGeneral ManagementTelephone: (601) 8624863 Cellphone: 573008723649\u00a0 Email address: ninamaria03@yahoo.com \/ asistenteninamaria@gmail.comContact us or visit us.Address: Alb\u00e1n: Kilometer 3 left bank V\u00eda Alb\u00e1n -VilletaCh\u00eda: Vereda Fagua, Finca Bulevar de Fagua. &nbsp;<\/p>\n","protected":false},"author":1,"featured_media":0,"parent":0,"menu_order":0,"comment_status":"closed","ping_status":"closed","template":"","meta":{"footnotes":""},"class_list":["post-543","page","type-page","status-publish","hentry"],"_links":{"self":[{"href":"https:\/\/fundacionninamaria.org\/english\/wp-json\/wp\/v2\/pages\/543","targetHints":{"allow":["GET"]}}],"collection":[{"href":"https:\/\/fundacionninamaria.org\/english\/wp-json\/wp\/v2\/pages"}],"about":[{"href":"https:\/\/fundacionninamaria.org\/english\/wp-json\/wp\/v2\/types\/page"}],"author":[{"embeddable":true,"href":"https:\/\/fundacionninamaria.org\/english\/wp-json\/wp\/v2\/users\/1"}],"replies":[{"embeddable":true,"href":"https:\/\/fundacionninamaria.org\/english\/wp-json\/wp\/v2\/comments?post=543"}],"version-history":[{"count":32,"href":"https:\/\/fundacionninamaria.org\/english\/wp-json\/wp\/v2\/pages\/543\/revisions"}],"predecessor-version":[{"id":1374,"href":"https:\/\/fundacionninamaria.org\/english\/wp-json\/wp\/v2\/pages\/543\/revisions\/1374"}],"wp:attachment":[{"href":"https:\/\/fundacionninamaria.org\/english\/wp-json\/wp\/v2\/media?parent=543"}],"curies":[{"name":"wp","href":"https:\/\/api.w.org\/{rel}","templated":true}]}}