{"id":773,"date":"2021-05-05T17:59:26","date_gmt":"2021-05-05T17:59:26","guid":{"rendered":"https:\/\/fundacionninamaria.org\/english\/?page_id=773"},"modified":"2024-01-13T05:59:32","modified_gmt":"2024-01-13T05:59:32","slug":"alban","status":"publish","type":"page","link":"https:\/\/fundacionninamaria.org\/english\/alban\/","title":{"rendered":"Alb\u00e1n"},"content":{"rendered":"\r\n<h2>Alb\u00e1n<\/h2>\r\n<p>\r\n\r\n<\/p>\r\n<p style=\"text-align: justify;\">The Ni\u00f1a Mar\u00eda Foundation, with its main headquarters at Kilometer 3 V\u00eda Alb\u00e1n -Villeta, Las Mar\u00edas village, in the town of Alb\u00e1n, Cundinamarca, located in the Province of Gualiv\u00e1, which borders to the north with the towns of Villeta and Sasaima, to the west with Guayabal de Siquima, to the south with Anolaima, to the east with the closest Sasaima 18 km away and Facatativ\u00e1 20 km away.<\/p>\r\n<p>\r\n\r\n<\/p>\r\n<figure class=\"wp-block-gallery columns-3 is-cropped wp-block-gallery-1 is-layout-flex wp-block-gallery-is-layout-flex\">\r\n<ul class=\"blocks-gallery-grid\">\r\n<li class=\"blocks-gallery-item\">\r\n<figure><a href=\"https:\/\/fundacionninamaria.org\/english\/wp-content\/uploads\/2021\/05\/alban2.jpg\"><img loading=\"lazy\" decoding=\"async\" width=\"1024\" height=\"682\" class=\"wp-image-778\" src=\"https:\/\/fundacionninamaria.org\/english\/wp-content\/uploads\/2021\/05\/alban2-1024x682.jpg\" alt=\"\" data-id=\"778\" data-full-url=\"https:\/\/fundacionninamaria.org\/english\/wp-content\/uploads\/2021\/05\/alban2.jpg\" data-link=\"https:\/\/fundacionninamaria.org\/english\/?attachment_id=778\" srcset=\"https:\/\/fundacionninamaria.org\/english\/wp-content\/uploads\/2021\/05\/alban2-1024x682.jpg 1024w, https:\/\/fundacionninamaria.org\/english\/wp-content\/uploads\/2021\/05\/alban2-300x200.jpg 300w, https:\/\/fundacionninamaria.org\/english\/wp-content\/uploads\/2021\/05\/alban2-768x512.jpg 768w, https:\/\/fundacionninamaria.org\/english\/wp-content\/uploads\/2021\/05\/alban2.jpg 1349w\" sizes=\"auto, (max-width: 1024px) 100vw, 1024px\" \/><\/a><\/figure>\r\n<\/li>\r\n<li class=\"blocks-gallery-item\">\r\n<figure><a href=\"https:\/\/fundacionninamaria.org\/english\/wp-content\/uploads\/2021\/05\/alban3.jpg\"><img loading=\"lazy\" decoding=\"async\" width=\"1024\" height=\"576\" class=\"wp-image-779\" src=\"https:\/\/fundacionninamaria.org\/english\/wp-content\/uploads\/2021\/05\/alban3-1024x576.jpg\" alt=\"\" data-id=\"779\" data-full-url=\"https:\/\/fundacionninamaria.org\/english\/wp-content\/uploads\/2021\/05\/alban3.jpg\" data-link=\"https:\/\/fundacionninamaria.org\/english\/?attachment_id=779\" srcset=\"https:\/\/fundacionninamaria.org\/english\/wp-content\/uploads\/2021\/05\/alban3-1024x576.jpg 1024w, https:\/\/fundacionninamaria.org\/english\/wp-content\/uploads\/2021\/05\/alban3-300x169.jpg 300w, https:\/\/fundacionninamaria.org\/english\/wp-content\/uploads\/2021\/05\/alban3-768x432.jpg 768w, https:\/\/fundacionninamaria.org\/english\/wp-content\/uploads\/2021\/05\/alban3.jpg 1152w\" sizes=\"auto, (max-width: 1024px) 100vw, 1024px\" \/><\/a><\/figure>\r\n<\/li>\r\n<li class=\"blocks-gallery-item\">\r\n<figure><a href=\"https:\/\/fundacionninamaria.org\/english\/wp-content\/uploads\/2021\/05\/alban4.jpg\"><img loading=\"lazy\" decoding=\"async\" width=\"1024\" height=\"576\" class=\"wp-image-780\" src=\"https:\/\/fundacionninamaria.org\/english\/wp-content\/uploads\/2021\/05\/alban4-1024x576.jpg\" alt=\"\" data-id=\"780\" data-full-url=\"https:\/\/fundacionninamaria.org\/english\/wp-content\/uploads\/2021\/05\/alban4.jpg\" data-link=\"https:\/\/fundacionninamaria.org\/english\/?attachment_id=780\" srcset=\"https:\/\/fundacionninamaria.org\/english\/wp-content\/uploads\/2021\/05\/alban4-1024x576.jpg 1024w, https:\/\/fundacionninamaria.org\/english\/wp-content\/uploads\/2021\/05\/alban4-300x169.jpg 300w, https:\/\/fundacionninamaria.org\/english\/wp-content\/uploads\/2021\/05\/alban4-768x432.jpg 768w, https:\/\/fundacionninamaria.org\/english\/wp-content\/uploads\/2021\/05\/alban4.jpg 1152w\" sizes=\"auto, (max-width: 1024px) 100vw, 1024px\" \/><\/a><\/figure>\r\n<\/li>\r\n<li class=\"blocks-gallery-item\">\r\n<figure><a href=\"https:\/\/fundacionninamaria.org\/english\/wp-content\/uploads\/2021\/05\/alban1.jpg\"><img loading=\"lazy\" decoding=\"async\" width=\"1024\" height=\"682\" class=\"wp-image-777\" src=\"https:\/\/fundacionninamaria.org\/english\/wp-content\/uploads\/2021\/05\/alban1-1024x682.jpg\" alt=\"\" data-id=\"777\" data-full-url=\"https:\/\/fundacionninamaria.org\/english\/wp-content\/uploads\/2021\/05\/alban1.jpg\" data-link=\"https:\/\/fundacionninamaria.org\/english\/?attachment_id=777\" srcset=\"https:\/\/fundacionninamaria.org\/english\/wp-content\/uploads\/2021\/05\/alban1-1024x682.jpg 1024w, https:\/\/fundacionninamaria.org\/english\/wp-content\/uploads\/2021\/05\/alban1-300x200.jpg 300w, https:\/\/fundacionninamaria.org\/english\/wp-content\/uploads\/2021\/05\/alban1-768x512.jpg 768w, https:\/\/fundacionninamaria.org\/english\/wp-content\/uploads\/2021\/05\/alban1.jpg 1349w\" sizes=\"auto, (max-width: 1024px) 100vw, 1024px\" \/><\/a><\/figure>\r\n<\/li>\r\n<\/ul>\r\n<\/figure>\r\n<p>\r\n\r\n <iframe loading=\"lazy\" style=\"border: 0;\" src=\"https:\/\/www.google.com\/maps\/embed?pb=!1m14!1m8!1m3!1d15901.247239326945!2d-74.4434148!3d4.8873588!3m2!1i1024!2i768!4f13.1!3m3!1m2!1s0x0%3A0x8736d4924e5780d4!2sFundacion%20Ni%C3%B1a%20Mar%C3%ADa!5e0!3m2!1ses!2sco!4v1620236753416!5m2!1ses!2sco\" width=\"600\" height=\"450\" allowfullscreen=\"allowfullscreen\"><\/iframe> <\/p>","protected":false},"excerpt":{"rendered":"<p>Alb\u00e1n The Ni\u00f1a Mar\u00eda Foundation, with its main headquarters at Kilometer 3 V\u00eda Alb\u00e1n -Villeta, Las Mar\u00edas village, in the town of Alb\u00e1n, Cundinamarca, located in the Province of Gualiv\u00e1, which borders to the north with the towns of Villeta and Sasaima, to the west with Guayabal de Siquima, to the south with Anolaima, to [&hellip;]<\/p>\n","protected":false},"author":1,"featured_media":0,"parent":0,"menu_order":0,"comment_status":"closed","ping_status":"closed","template":"","meta":{"footnotes":""},"class_list":["post-773","page","type-page","status-publish","hentry"],"_links":{"self":[{"href":"https:\/\/fundacionninamaria.org\/english\/wp-json\/wp\/v2\/pages\/773","targetHints":{"allow":["GET"]}}],"collection":[{"href":"https:\/\/fundacionninamaria.org\/english\/wp-json\/wp\/v2\/pages"}],"about":[{"href":"https:\/\/fundacionninamaria.org\/english\/wp-json\/wp\/v2\/types\/page"}],"author":[{"embeddable":true,"href":"https:\/\/fundacionninamaria.org\/english\/wp-json\/wp\/v2\/users\/1"}],"replies":[{"embeddable":true,"href":"https:\/\/fundacionninamaria.org\/english\/wp-json\/wp\/v2\/comments?post=773"}],"version-history":[{"count":11,"href":"https:\/\/fundacionninamaria.org\/english\/wp-json\/wp\/v2\/pages\/773\/revisions"}],"predecessor-version":[{"id":1355,"href":"https:\/\/fundacionninamaria.org\/english\/wp-json\/wp\/v2\/pages\/773\/revisions\/1355"}],"wp:attachment":[{"href":"https:\/\/fundacionninamaria.org\/english\/wp-json\/wp\/v2\/media?parent=773"}],"curies":[{"name":"wp","href":"https:\/\/api.w.org\/{rel}","templated":true}]}}