{"id":565,"date":"2021-05-03T15:10:13","date_gmt":"2021-05-03T15:10:13","guid":{"rendered":"https:\/\/fundacionninamaria.org\/wp\/?page_id=565"},"modified":"2021-05-28T18:57:49","modified_gmt":"2021-05-28T18:57:49","slug":"objeto-social","status":"publish","type":"page","link":"https:\/\/fundacionninamaria.org\/wp\/objeto-social\/","title":{"rendered":"Objeto social"},"content":{"rendered":"\n<p><a href=\"change-\nunderline-color.php\" \nstyle=\"text-decoration: \nnone; border-bottom: \n3px solid #0d6efd; \ncolor: #000000;\"><H2> Objeto social <\/H2> <\/a>\n\n\n\n<p style=\"text-align:justify;\"> Propender por el reconocimiento, la garant\u00eda y restablecimiento de los Derechos Fundamentales de los ni\u00f1os, ni\u00f1as, adolescentes y mayores de edad, as\u00ed como la prevenci\u00f3n de su amenaza o vulneraci\u00f3n y el fortalecimiento de las familias y comunidades. Identificando y priorizando, poblaci\u00f3n en pobreza, indefensi\u00f3n y riesgo inminente. Con la Implementaci\u00f3n de servicios sociales, de planes, programas y proyectos para ser ejecutados en zonas urbanas y rurales en el \u00e1mbito nacional o internacional, de conformidad con nuestros estatutos. Realizando estrategias de difusi\u00f3n, prevenci\u00f3n, concientizaci\u00f3n y sensibilizaci\u00f3n en materia de articulaci\u00f3n interinstitucional para la restauraci\u00f3n del tejido social.<\/p>\n","protected":false},"excerpt":{"rendered":"<p>Objeto social Propender por el reconocimiento, la garant\u00eda y restablecimiento de los Derechos Fundamentales de los ni\u00f1os, ni\u00f1as, adolescentes y mayores de edad, as\u00ed como la prevenci\u00f3n de su amenaza o vulneraci\u00f3n y el fortalecimiento de las familias y comunidades. Identificando y priorizando, poblaci\u00f3n en pobreza, indefensi\u00f3n y riesgo inminente. Con la Implementaci\u00f3n de servicios [&hellip;]<\/p>\n","protected":false},"author":1,"featured_media":0,"parent":0,"menu_order":0,"comment_status":"closed","ping_status":"closed","template":"","meta":{"footnotes":""},"class_list":["post-565","page","type-page","status-publish","hentry"],"_links":{"self":[{"href":"https:\/\/fundacionninamaria.org\/wp\/wp-json\/wp\/v2\/pages\/565","targetHints":{"allow":["GET"]}}],"collection":[{"href":"https:\/\/fundacionninamaria.org\/wp\/wp-json\/wp\/v2\/pages"}],"about":[{"href":"https:\/\/fundacionninamaria.org\/wp\/wp-json\/wp\/v2\/types\/page"}],"author":[{"embeddable":true,"href":"https:\/\/fundacionninamaria.org\/wp\/wp-json\/wp\/v2\/users\/1"}],"replies":[{"embeddable":true,"href":"https:\/\/fundacionninamaria.org\/wp\/wp-json\/wp\/v2\/comments?post=565"}],"version-history":[{"count":6,"href":"https:\/\/fundacionninamaria.org\/wp\/wp-json\/wp\/v2\/pages\/565\/revisions"}],"predecessor-version":[{"id":908,"href":"https:\/\/fundacionninamaria.org\/wp\/wp-json\/wp\/v2\/pages\/565\/revisions\/908"}],"wp:attachment":[{"href":"https:\/\/fundacionninamaria.org\/wp\/wp-json\/wp\/v2\/media?parent=565"}],"curies":[{"name":"wp","href":"https:\/\/api.w.org\/{rel}","templated":true}]}}