{"id":814,"date":"2021-05-06T14:20:17","date_gmt":"2021-05-06T14:20:17","guid":{"rendered":"https:\/\/fundacionninamaria.org\/wp\/?page_id=814"},"modified":"2021-05-28T18:58:12","modified_gmt":"2021-05-28T18:58:12","slug":"panaderia","status":"publish","type":"page","link":"https:\/\/fundacionninamaria.org\/wp\/panaderia\/","title":{"rendered":"Panader\u00eda"},"content":{"rendered":"\n<p><a href=\"change-\nunderline-color.php\" \nstyle=\"text-decoration: \nnone; border-bottom: \n3px solid #0d6efd; \ncolor: #000000;\"><H2 class=\"wp-block-heading\"> Panader\u00eda  <\/H2> <\/a>\n\n\n\n<div class=\"wp-block-media-text alignwide is-stacked-on-mobile\" style=\"grid-template-columns:37% auto\"><figure class=\"wp-block-media-text__media\"><img loading=\"lazy\" decoding=\"async\" width=\"1024\" height=\"682\" src=\"https:\/\/fundacionninamaria.org\/wp\/wp-content\/uploads\/2021\/05\/PANADERIA-1-1024x682.jpg\" alt=\"\" class=\"wp-image-818 size-full\" srcset=\"https:\/\/fundacionninamaria.org\/wp\/wp-content\/uploads\/2021\/05\/PANADERIA-1-1024x682.jpg 1024w, https:\/\/fundacionninamaria.org\/wp\/wp-content\/uploads\/2021\/05\/PANADERIA-1-300x200.jpg 300w, https:\/\/fundacionninamaria.org\/wp\/wp-content\/uploads\/2021\/05\/PANADERIA-1-768x512.jpg 768w, https:\/\/fundacionninamaria.org\/wp\/wp-content\/uploads\/2021\/05\/PANADERIA-1.jpg 1349w\" sizes=\"auto, (max-width: 1024px) 100vw, 1024px\" \/><\/figure><div class=\"wp-block-media-text__content\">\n<p class=\"has-black-color has-text-color has-medium-font-size\"><p class=\"has-black-color has-text-color has-medium-font-size\" style=\"text-align:justify;\">La unidad productiva de panader\u00eda provee el consumo de los desayunos y meriendas, buscando la estimulaci\u00f3n de la motricidad, manejo de tiempo y vinculaci\u00f3n de los procesos vocacionales.<\/p><\/p>\n<\/div><\/div>\n\n\n\n<figure class=\"wp-block-gallery columns-2 is-cropped wp-block-gallery-1 is-layout-flex wp-block-gallery-is-layout-flex\"><ul class=\"blocks-gallery-grid\"><li class=\"blocks-gallery-item\"><figure><a href=\"https:\/\/fundacionninamaria.org\/wp\/wp-content\/uploads\/2021\/05\/panaderia2.png\"><img loading=\"lazy\" decoding=\"async\" width=\"422\" height=\"614\" src=\"https:\/\/fundacionninamaria.org\/wp\/wp-content\/uploads\/2021\/05\/panaderia2.png\" alt=\"\" data-id=\"828\" data-full-url=\"https:\/\/fundacionninamaria.org\/wp\/wp-content\/uploads\/2021\/05\/panaderia2.png\" data-link=\"https:\/\/fundacionninamaria.org\/wp\/?attachment_id=828\" class=\"wp-image-828\" srcset=\"https:\/\/fundacionninamaria.org\/wp\/wp-content\/uploads\/2021\/05\/panaderia2.png 422w, https:\/\/fundacionninamaria.org\/wp\/wp-content\/uploads\/2021\/05\/panaderia2-206x300.png 206w\" sizes=\"auto, (max-width: 422px) 100vw, 422px\" \/><\/a><\/figure><\/li><li class=\"blocks-gallery-item\"><figure><a href=\"https:\/\/fundacionninamaria.org\/wp\/wp-content\/uploads\/2021\/05\/panaderia3.png\"><img loading=\"lazy\" decoding=\"async\" width=\"411\" height=\"606\" src=\"https:\/\/fundacionninamaria.org\/wp\/wp-content\/uploads\/2021\/05\/panaderia3.png\" alt=\"\" data-id=\"829\" data-full-url=\"https:\/\/fundacionninamaria.org\/wp\/wp-content\/uploads\/2021\/05\/panaderia3.png\" data-link=\"https:\/\/fundacionninamaria.org\/wp\/?attachment_id=829\" class=\"wp-image-829\" srcset=\"https:\/\/fundacionninamaria.org\/wp\/wp-content\/uploads\/2021\/05\/panaderia3.png 411w, https:\/\/fundacionninamaria.org\/wp\/wp-content\/uploads\/2021\/05\/panaderia3-203x300.png 203w\" sizes=\"auto, (max-width: 411px) 100vw, 411px\" \/><\/a><\/figure><\/li><\/ul><\/figure>\n\n\n\n<div class=\"wp-block-media-text alignwide has-media-on-the-right is-stacked-on-mobile\"><figure class=\"wp-block-media-text__media\"><img loading=\"lazy\" decoding=\"async\" width=\"1024\" height=\"682\" src=\"https:\/\/fundacionninamaria.org\/wp\/wp-content\/uploads\/2021\/05\/PANADERIA4-1024x682.jpg\" alt=\"\" class=\"wp-image-832 size-full\" srcset=\"https:\/\/fundacionninamaria.org\/wp\/wp-content\/uploads\/2021\/05\/PANADERIA4-1024x682.jpg 1024w, https:\/\/fundacionninamaria.org\/wp\/wp-content\/uploads\/2021\/05\/PANADERIA4-300x200.jpg 300w, https:\/\/fundacionninamaria.org\/wp\/wp-content\/uploads\/2021\/05\/PANADERIA4-768x512.jpg 768w, https:\/\/fundacionninamaria.org\/wp\/wp-content\/uploads\/2021\/05\/PANADERIA4.jpg 1349w\" sizes=\"auto, (max-width: 1024px) 100vw, 1024px\" \/><\/figure><div class=\"wp-block-media-text__content\">\n<p class=\"has-black-color has-text-color has-medium-font-size\"><p class=\"has-black-color has-text-color has-medium-font-size\" style=\"text-align:justify;\">Dentro de los talleres de panader\u00eda se genera el autoconsumo y auto sostenimiento, mantenimiento de est\u00e1ndares de buenas pr\u00e1cticas de manufactura, amasado, divisi\u00f3n, boleado, formado, fermentaci\u00f3n, reposo y horneado.<\/p>\n<\/div><\/div>\n","protected":false},"excerpt":{"rendered":"<p>Panader\u00eda La unidad productiva de panader\u00eda provee el consumo de los desayunos y meriendas, buscando la estimulaci\u00f3n de la motricidad, manejo de tiempo y vinculaci\u00f3n de los procesos vocacionales. Dentro de los talleres de panader\u00eda se genera el autoconsumo y auto sostenimiento, mantenimiento de est\u00e1ndares de buenas pr\u00e1cticas de manufactura, amasado, divisi\u00f3n, boleado, formado, fermentaci\u00f3n, [&hellip;]<\/p>\n","protected":false},"author":1,"featured_media":0,"parent":0,"menu_order":0,"comment_status":"closed","ping_status":"closed","template":"","meta":{"footnotes":""},"class_list":["post-814","page","type-page","status-publish","hentry"],"_links":{"self":[{"href":"https:\/\/fundacionninamaria.org\/wp\/wp-json\/wp\/v2\/pages\/814","targetHints":{"allow":["GET"]}}],"collection":[{"href":"https:\/\/fundacionninamaria.org\/wp\/wp-json\/wp\/v2\/pages"}],"about":[{"href":"https:\/\/fundacionninamaria.org\/wp\/wp-json\/wp\/v2\/types\/page"}],"author":[{"embeddable":true,"href":"https:\/\/fundacionninamaria.org\/wp\/wp-json\/wp\/v2\/users\/1"}],"replies":[{"embeddable":true,"href":"https:\/\/fundacionninamaria.org\/wp\/wp-json\/wp\/v2\/comments?post=814"}],"version-history":[{"count":13,"href":"https:\/\/fundacionninamaria.org\/wp\/wp-json\/wp\/v2\/pages\/814\/revisions"}],"predecessor-version":[{"id":837,"href":"https:\/\/fundacionninamaria.org\/wp\/wp-json\/wp\/v2\/pages\/814\/revisions\/837"}],"wp:attachment":[{"href":"https:\/\/fundacionninamaria.org\/wp\/wp-json\/wp\/v2\/media?parent=814"}],"curies":[{"name":"wp","href":"https:\/\/api.w.org\/{rel}","templated":true}]}}